{"id":601,"date":"2021-04-22T13:35:37","date_gmt":"2021-04-22T11:35:37","guid":{"rendered":"https:\/\/rsonline.pl\/?page_id=601"},"modified":"2021-04-29T16:02:25","modified_gmt":"2021-04-29T14:02:25","slug":"usuwanie-wirusow","status":"publish","type":"page","link":"https:\/\/rsonline.pl\/en\/usuwanie-wirusow\/","title":{"rendered":"Usuwanie wirus\u00f3w"},"content":{"rendered":"<p class=\"Normalny\"><span lang=\"PL\">Je\u017celi Tw\u00f3j komputer dzia\u0142a inaczej ni\u017c zwykle, poszczeg\u00f3lne programy nie uruchamiaj\u0105 si\u0119, utraci\u0142e\u015b dost\u0119p do danych przechowywanych na dysku, a otwarcie dowolnej aplikacji powoduje niepo\u017c\u0105dane skutki prawdopodobnie sprz\u0119t pad\u0142 ofiar\u0105 z\u0142o\u015bliwego oprogramowania lub wirusa.<\/span><\/p>\n<h2>Usuwania wirus\u00f3w &#8211; Bielany, \u017boliborz, Wola i nawet z ca\u0142ej Warszawy oraz jej okolic!<\/h2>\n<p class=\"Normalny\"><span lang=\"PL\">Tw\u00f3rcy wirus\u00f3w i z\u0142o\u015bliwego oprogramowania wykorzystuj\u0105 coraz nowocze\u015bniejsze i skuteczniejsze metody, aby instalowa\u0107 niepo\u017c\u0105dane oprogramowania na komputerach domowych i firmowych.<\/span><\/p>\n<h3>Wirus komputerowy zaatakowa\u0142 tw\u00f3j komputer?<\/h3>\n<p class=\"Normalny\"><span lang=\"PL\">Zawirusowany komputer to powa\u017cne zagro\u017cenie zar\u00f3wno dla u\u017cytkownik\u00f3w domowych, jak i firmy. Nale\u017cy zda\u0107 sobie spraw\u0119, \u017ce zawirusowany komputer mo\u017ce by\u0107 bardzo niebezpieczny szczeg\u00f3lnie, je\u017celi przechowujemy na nim osobiste dane, takie jak has\u0142a do poczty elektronicznej, portali spo\u0142eczno\u015bciowych, korzystamy z bankowo\u015bci online, ale tak\u017ce w wielu innych sytuacjach.<\/span><\/p>\n<h2>Usuwanie wirus\u00f3w z komputera \u2013 szybko i bezpiecznie<\/h2>\n<p class=\"Normalny\"><span lang=\"PL\">RSOnline nie tylko pozb\u0119dzie si\u0119 z Pa\u0144stwa komputera niechcianego oprogramowania, ale r\u00f3wnie\u017c zabezpieczy przed przysz\u0142ymi atakami. Udzieli informacji jak dobrze chroni\u0107 sw\u00f3j sprz\u0119t, jak bezpiecznie korzysta\u0107 z internetu oraz co ma wp\u0142yw na bezpiecze\u0144stwo naszych danych. Nasza us\u0142uga usuwania wirus\u00f3w komputerowych jest szybka, niedroga i gwarantowana. Je\u017celi nie mo\u017cemy rozwi\u0105za\u0107 Twojego problemu, nie musisz nic p\u0142aci\u0107. W dalszym ci\u0105gu nie jeste\u015b przekonany? Co by by\u0142o, gdyby\u015bmy zagwarantowali Ci, \u017ce za darmo zdiagnozujemy Tw\u00f3j komputer? Nasz serwis z siedzib\u0105 w Warszawie jest do dyspozycji 24h! Dojedziemy do Ciebie w ka\u017cde miejsce w Warszawie oraz do wielu okolicznych miejscowo\u015bci. <\/span><\/p>\n<p>Nasze us\u0142ugi w tym zakresie obejmuj\u0105 mi\u0119dzy innymi:<\/p>\n<ul>\n<li>Usuwanie wirus\u00f3w reklamowych<\/li>\n<li>Usuwanie Trojan\u00f3w i fa\u0142szywych program\u00f3w antywirusowych<\/li>\n<li>Usuwanie z\u0142o\u015bliwego oprogramowania reklamowego, malware, spyware, dialer<\/li>\n<li>Usuwanie niepotrzebnych wpis\u00f3w z rejestru systemu w celu zwi\u0119kszenia wydajno\u015bci komputera<\/li>\n<li>Instalacj\u0119 program\u00f3w antywirusowych wraz z konfiguracj\u0105<\/li>\n<li>Konfigurowanie i instalowanie zapory ogniowej ( firewall )<\/li>\n<li>Zapewnienie bezpiecze\u0144stwa komputer\u00f3w i ochrona danych w internecie<\/li>\n<li>Profesjonalne doradztwo w kwestii wyboru program\u00f3w antywirusowych i bezpiecze\u0144stwa komputer\u00f3w.<\/li>\n<\/ul>\n","protected":false},"excerpt":{"rendered":"<p>Je\u017celi Tw\u00f3j komputer dzia\u0142a inaczej ni\u017c zwykle, poszczeg\u00f3lne programy nie uruchamiaj\u0105 si\u0119, utraci\u0142e\u015b dost\u0119p do danych przechowywanych na dysku, a otwarcie dowolnej aplikacji powoduje niepo\u017c\u0105dane skutki prawdopodobnie sprz\u0119t pad\u0142 ofiar\u0105 z\u0142o\u015bliwego oprogramowania lub wirusa. Usuwania wirus\u00f3w &#8211; Bielany, \u017boliborz, Wola i nawet z ca\u0142ej Warszawy oraz jej okolic! Tw\u00f3rcy wirus\u00f3w i z\u0142o\u015bliwego oprogramowania wykorzystuj\u0105 coraz&hellip; <a class=\"more-link\" href=\"https:\/\/rsonline.pl\/en\/usuwanie-wirusow\/\">Continue reading <span class=\"screen-reader-text\">Usuwanie wirus\u00f3w<\/span><\/a><\/p>\n","protected":false},"author":2,"featured_media":0,"parent":0,"menu_order":0,"comment_status":"closed","ping_status":"closed","template":"","meta":{"footnotes":""},"class_list":["post-601","page","type-page","status-publish","hentry","entry"],"translation":{"provider":"WPGlobus","version":"2.8.11","language":"en","enabled_languages":["pl","en","ru"],"languages":{"pl":{"title":true,"content":true,"excerpt":false},"en":{"title":false,"content":false,"excerpt":false},"ru":{"title":false,"content":false,"excerpt":false}}},"_links":{"self":[{"href":"https:\/\/rsonline.pl\/en\/wp-json\/wp\/v2\/pages\/601","targetHints":{"allow":["GET"]}}],"collection":[{"href":"https:\/\/rsonline.pl\/en\/wp-json\/wp\/v2\/pages"}],"about":[{"href":"https:\/\/rsonline.pl\/en\/wp-json\/wp\/v2\/types\/page"}],"author":[{"embeddable":true,"href":"https:\/\/rsonline.pl\/en\/wp-json\/wp\/v2\/users\/2"}],"replies":[{"embeddable":true,"href":"https:\/\/rsonline.pl\/en\/wp-json\/wp\/v2\/comments?post=601"}],"version-history":[{"count":10,"href":"https:\/\/rsonline.pl\/en\/wp-json\/wp\/v2\/pages\/601\/revisions"}],"predecessor-version":[{"id":646,"href":"https:\/\/rsonline.pl\/en\/wp-json\/wp\/v2\/pages\/601\/revisions\/646"}],"wp:attachment":[{"href":"https:\/\/rsonline.pl\/en\/wp-json\/wp\/v2\/media?parent=601"}],"curies":[{"name":"wp","href":"https:\/\/api.w.org\/{rel}","templated":true}]}}